{"id":461,"date":"2015-11-26T16:39:53","date_gmt":"2015-11-26T16:39:53","guid":{"rendered":"https:\/\/www.residenzalma.com\/?page_id=461"},"modified":"2015-11-26T16:40:07","modified_gmt":"2015-11-26T16:40:07","slug":"risposta-contatto","status":"publish","type":"page","link":"https:\/\/www.residenzalma.com\/en\/risposta-contatto\/","title":{"rendered":"Risposta contatto"},"content":{"rendered":"<div id=\"gallery\" class=\"block\"><link href=\"https:\/\/fonts.googleapis.com\/css?family=Open+Sans:200\" rel=\"stylesheet\" property=\"stylesheet\" type=\"text\/css\" media=\"all\">\n<div id=\"rev_slider_2_1_wrapper\" class=\"rev_slider_wrapper fullwidthbanner-container\" data-source=\"gallery\" style=\"margin:0px auto;background:#E9E9E9;padding:0px;margin-top:0px;margin-bottom:0px;\">\n<!-- START REVOLUTION SLIDER 5.4.3.1 fullwidth mode -->\n\t<div id=\"rev_slider_2_1\" class=\"rev_slider fullwidthabanner tp-overflow-hidden\" style=\"display:none;\" data-version=\"5.4.3.1\">\n<ul>\t<!-- SLIDE  -->\n\t<li data-index=\"rs-57\" data-transition=\"fade\" data-slotamount=\"7\" data-hideafterloop=\"0\" data-hideslideonmobile=\"off\"  data-easein=\"default\" data-easeout=\"default\" data-masterspeed=\"300\"  data-thumb=\"https:\/\/www.residenzalma.com\/wp-content\/uploads\/2015\/09\/foto41-100x50.jpg\"  data-rotate=\"0\"  data-saveperformance=\"off\"  data-title=\"Slide1\" data-param1=\"\" data-param2=\"\" data-param3=\"\" data-param4=\"\" data-param5=\"\" data-param6=\"\" data-param7=\"\" data-param8=\"\" data-param9=\"\" data-param10=\"\" data-description=\"\">\n\t\t<!-- MAIN IMAGE -->\n\t\t<img src=\"https:\/\/www.residenzalma.com\/wp-content\/uploads\/2015\/09\/foto41.jpg\"  alt=\"\" title=\"foto4\"  width=\"1920\" height=\"728\" data-bgposition=\"center center\" data-bgfit=\"cover\" data-bgrepeat=\"no-repeat\" class=\"rev-slidebg\" data-no-retina>\n\t\t<!-- LAYERS -->\n\n\t\t<!-- LAYER NR. 1 -->\n\t\t<div class=\"tp-caption text_slide_1   tp-resizeme\" \n\t\t\t id=\"slide-57-layer-1\" \n\t\t\t data-x=\"-90\" \n\t\t\t data-y=\"320\" \n\t\t\t\t\t\tdata-width=\"auto\"\n\t\t\tdata-height=\"auto\"\n \n\t\t\tdata-type=\"text\" \n\t\t\tdata-responsive_offset=\"on\" \n\n\t\t\tdata-frames='[{\"speed\":300,\"to\":\"\",\"delay\":0,\"ease\":\"Power3.easeInOut\"},{\"delay\":\"wait\",\"speed\":300,\"to\":\"auto:auto;\",\"ease\":\"nothing\"}]'\n\t\t\tdata-textAlign=\"['','','','']\"\n\n\t\t\tstyle=\"z-index: 5; white-space: nowrap;text-transform:left;\">RESIDENZA ALMA <\/div>\n\n\t\t<!-- LAYER NR. 2 -->\n\t\t<div class=\"tp-caption text_slide_2   tp-resizeme\" \n\t\t\t id=\"slide-57-layer-2\" \n\t\t\t data-x=\"60\" \n\t\t\t data-y=\"370\" \n\t\t\t\t\t\tdata-width=\"auto\"\n\t\t\tdata-height=\"auto\"\n \n\t\t\tdata-type=\"text\" \n\t\t\tdata-responsive_offset=\"on\" \n\n\t\t\tdata-frames='[{\"speed\":300,\"to\":\"\",\"delay\":0,\"ease\":\"Power3.easeInOut\"},{\"delay\":\"wait\",\"speed\":300,\"to\":\"auto:auto;\",\"ease\":\"nothing\"}]'\n\t\t\tdata-textAlign=\"['','','','']\"\n\n\t\t\tstyle=\"z-index: 6; white-space: nowrap;text-transform:left;\">May your holiday be filled with everything that you deserve! <\/div>\n\t<\/li>\n\t<!-- SLIDE  -->\n\t<li data-index=\"rs-58\" data-transition=\"fade\" data-slotamount=\"7\" data-hideafterloop=\"0\" data-hideslideonmobile=\"off\"  data-easein=\"default\" data-easeout=\"default\" data-masterspeed=\"300\"  data-thumb=\"https:\/\/www.residenzalma.com\/wp-content\/uploads\/2015\/09\/foto-100x50.jpg\"  data-rotate=\"0\"  data-saveperformance=\"off\"  data-title=\"Slide1\" data-param1=\"\" data-param2=\"\" data-param3=\"\" data-param4=\"\" data-param5=\"\" data-param6=\"\" data-param7=\"\" data-param8=\"\" data-param9=\"\" data-param10=\"\" data-description=\"\">\n\t\t<!-- MAIN IMAGE -->\n\t\t<img src=\"https:\/\/www.residenzalma.com\/wp-content\/uploads\/2015\/09\/foto.jpg\"  alt=\"\" title=\"foto\"  width=\"1920\" height=\"728\" data-bgposition=\"center center\" data-bgfit=\"cover\" data-bgrepeat=\"no-repeat\" class=\"rev-slidebg\" data-no-retina>\n\t\t<!-- LAYERS -->\n\n\t\t<!-- LAYER NR. 3 -->\n\t\t<div class=\"tp-caption text_slide_1   tp-resizeme\" \n\t\t\t id=\"slide-58-layer-3\" \n\t\t\t data-x=\"-90\" \n\t\t\t data-y=\"320\" \n\t\t\t\t\t\tdata-width=\"auto\"\n\t\t\tdata-height=\"auto\"\n \n\t\t\tdata-type=\"text\" \n\t\t\tdata-responsive_offset=\"on\" \n\n\t\t\tdata-frames='[{\"speed\":300,\"to\":\"\",\"delay\":0,\"ease\":\"Power3.easeInOut\"},{\"delay\":\"wait\",\"speed\":300,\"to\":\"auto:auto;\",\"ease\":\"nothing\"}]'\n\t\t\tdata-textAlign=\"['','','','']\"\n\n\t\t\tstyle=\"z-index: 7; white-space: nowrap;text-transform:left;\">RESIDENZA ALMA <\/div>\n\n\t\t<!-- LAYER NR. 4 -->\n\t\t<div class=\"tp-caption text_slide_2   tp-resizeme\" \n\t\t\t id=\"slide-58-layer-4\" \n\t\t\t data-x=\"60\" \n\t\t\t data-y=\"370\" \n\t\t\t\t\t\tdata-width=\"auto\"\n\t\t\tdata-height=\"auto\"\n \n\t\t\tdata-type=\"text\" \n\t\t\tdata-responsive_offset=\"on\" \n\n\t\t\tdata-frames='[{\"speed\":300,\"to\":\"\",\"delay\":0,\"ease\":\"Power3.easeInOut\"},{\"delay\":\"wait\",\"speed\":300,\"to\":\"auto:auto;\",\"ease\":\"nothing\"}]'\n\t\t\tdata-textAlign=\"['','','','']\"\n\n\t\t\tstyle=\"z-index: 8; white-space: nowrap;text-transform:left;\">May your holiday be filled with everything that you deserve! <\/div>\n\t<\/li>\n\t<!-- SLIDE  -->\n\t<li data-index=\"rs-59\" data-transition=\"fade\" data-slotamount=\"7\" data-hideafterloop=\"0\" data-hideslideonmobile=\"off\"  data-easein=\"default\" data-easeout=\"default\" data-masterspeed=\"300\"  data-thumb=\"https:\/\/www.residenzalma.com\/wp-content\/uploads\/2015\/09\/foto21-100x50.jpg\"  data-rotate=\"0\"  data-saveperformance=\"off\"  data-title=\"Slide1\" data-param1=\"\" data-param2=\"\" data-param3=\"\" data-param4=\"\" data-param5=\"\" data-param6=\"\" data-param7=\"\" data-param8=\"\" data-param9=\"\" data-param10=\"\" data-description=\"\">\n\t\t<!-- MAIN IMAGE -->\n\t\t<img src=\"https:\/\/www.residenzalma.com\/wp-content\/uploads\/2015\/09\/foto21.jpg\"  alt=\"\" title=\"foto2\"  width=\"1920\" height=\"728\" data-bgposition=\"center center\" data-bgfit=\"cover\" data-bgrepeat=\"no-repeat\" class=\"rev-slidebg\" data-no-retina>\n\t\t<!-- LAYERS -->\n\n\t\t<!-- LAYER NR. 5 -->\n\t\t<div class=\"tp-caption text_slide_1   tp-resizeme\" \n\t\t\t id=\"slide-59-layer-5\" \n\t\t\t data-x=\"-90\" \n\t\t\t data-y=\"320\" \n\t\t\t\t\t\tdata-width=\"auto\"\n\t\t\tdata-height=\"auto\"\n \n\t\t\tdata-type=\"text\" \n\t\t\tdata-responsive_offset=\"on\" \n\n\t\t\tdata-frames='[{\"speed\":300,\"to\":\"\",\"delay\":0,\"ease\":\"Power3.easeInOut\"},{\"delay\":\"wait\",\"speed\":300,\"to\":\"auto:auto;\",\"ease\":\"nothing\"}]'\n\t\t\tdata-textAlign=\"['','','','']\"\n\n\t\t\tstyle=\"z-index: 9; white-space: nowrap;text-transform:left;\">RESIDENZA ALMA <\/div>\n\n\t\t<!-- LAYER NR. 6 -->\n\t\t<div class=\"tp-caption text_slide_2   tp-resizeme\" \n\t\t\t id=\"slide-59-layer-6\" \n\t\t\t data-x=\"60\" \n\t\t\t data-y=\"370\" \n\t\t\t\t\t\tdata-width=\"auto\"\n\t\t\tdata-height=\"auto\"\n \n\t\t\tdata-type=\"text\" \n\t\t\tdata-responsive_offset=\"on\" \n\n\t\t\tdata-frames='[{\"speed\":300,\"to\":\"\",\"delay\":0,\"ease\":\"Power3.easeInOut\"},{\"delay\":\"wait\",\"speed\":300,\"to\":\"auto:auto;\",\"ease\":\"nothing\"}]'\n\t\t\tdata-textAlign=\"['','','','']\"\n\n\t\t\tstyle=\"z-index: 10; white-space: nowrap;text-transform:left;\">May your holiday be filled with everything that you deserve! <\/div>\n\t<\/li>\n<\/ul>\n<script>var htmlDiv = document.getElementById(\"rs-plugin-settings-inline-css\"); var htmlDivCss=\"\";\n\t\t\t\t\t\tif(htmlDiv) {\n\t\t\t\t\t\t\thtmlDiv.innerHTML = htmlDiv.innerHTML + htmlDivCss;\n\t\t\t\t\t\t}else{\n\t\t\t\t\t\t\tvar htmlDiv = document.createElement(\"div\");\n\t\t\t\t\t\t\thtmlDiv.innerHTML = \"<style>\" + htmlDivCss + \"<\/style>\";\n\t\t\t\t\t\t\tdocument.getElementsByTagName(\"head\")[0].appendChild(htmlDiv.childNodes[0]);\n\t\t\t\t\t\t}\n\t\t\t\t\t<\/script>\n<div class=\"tp-bannertimer tp-bottom\" style=\"visibility: hidden !important;\"><\/div>\t<\/div>\n<script>var htmlDiv = document.getElementById(\"rs-plugin-settings-inline-css\"); var htmlDivCss=\".tp-caption.text_slide_1,.text_slide_1{font-size:58px;font-weight:200;color:rgb(0,0,0);text-decoration:none;background-color:transparent;border-width:0px;border-color:rgb(0,0,0);border-style:none;text-shadow:none}.tp-caption.text_slide_2,.text_slide_2{font-size:58px;font-weight:200;color:rgb(0,0,0);text-decoration:none;background-color:transparent;border-width:0px;border-color:rgb(0,0,0);border-style:none;text-shadow:none}\";\n\t\t\t\tif(htmlDiv) {\n\t\t\t\t\thtmlDiv.innerHTML = htmlDiv.innerHTML + htmlDivCss;\n\t\t\t\t}else{\n\t\t\t\t\tvar htmlDiv = document.createElement(\"div\");\n\t\t\t\t\thtmlDiv.innerHTML = \"<style>\" + htmlDivCss + \"<\/style>\";\n\t\t\t\t\tdocument.getElementsByTagName(\"head\")[0].appendChild(htmlDiv.childNodes[0]);\n\t\t\t\t}\n\t\t\t<\/script>\n\t\t<script type=\"text\/javascript\">\nsetREVStartSize({c: jQuery('#rev_slider_2_1'), gridwidth: [960], gridheight: [440], sliderLayout: 'fullwidth'});\n\t\t\t\nvar revapi2,\n\ttpj=jQuery;\ntpj.noConflict();\t\t\t\ntpj(document).ready(function() {\n\tif(tpj(\"#rev_slider_2_1\").revolution == undefined){\n\t\trevslider_showDoubleJqueryError(\"#rev_slider_2_1\");\n\t}else{\n\t\trevapi2 = tpj(\"#rev_slider_2_1\").show().revolution({\n\t\t\tsliderType:\"standard\",\n\t\t\tjsFileLocation:\"\/\/www.residenzalma.com\/wp-content\/plugins\/revslider\/public\/assets\/js\/\",\n\t\t\tsliderLayout:\"fullwidth\",\n\t\t\tdottedOverlay:\"none\",\n\t\t\tdelay:2000,\n\t\t\tnavigation: {\n\t\t\t\tkeyboardNavigation:\"off\",\n\t\t\t\tkeyboard_direction: \"horizontal\",\n\t\t\t\tmouseScrollNavigation:\"off\",\n \t\t\t\t\t\t\tmouseScrollReverse:\"default\",\n\t\t\t\tonHoverStop:\"off\",\n\t\t\t\ttouch:{\n\t\t\t\t\ttouchenabled:\"on\",\n\t\t\t\t\ttouchOnDesktop:\"off\",\n\t\t\t\t\tswipe_threshold: 0.7,\n\t\t\t\t\tswipe_min_touches: 1,\n\t\t\t\t\tswipe_direction: \"horizontal\",\n\t\t\t\t\tdrag_block_vertical: false\n\t\t\t\t}\n\t\t\t\t,\n\t\t\t\tarrows: {\n\t\t\t\t\tstyle:\"hesperiden\",\n\t\t\t\t\tenable:true,\n\t\t\t\t\thide_onmobile:true,\n\t\t\t\t\thide_under:0,\n\t\t\t\t\thide_onleave:true,\n\t\t\t\t\thide_delay:200,\n\t\t\t\t\thide_delay_mobile:1200,\n\t\t\t\t\ttmp:'',\n\t\t\t\t\tleft: {\n\t\t\t\t\t\th_align:\"left\",\n\t\t\t\t\t\tv_align:\"center\",\n\t\t\t\t\t\th_offset:0,\n\t\t\t\t\t\tv_offset:0\n\t\t\t\t\t},\n\t\t\t\t\tright: {\n\t\t\t\t\t\th_align:\"right\",\n\t\t\t\t\t\tv_align:\"center\",\n\t\t\t\t\t\th_offset:0,\n\t\t\t\t\t\tv_offset:0\n\t\t\t\t\t}\n\t\t\t\t}\n\t\t\t},\n\t\t\tvisibilityLevels:[1240,1024,778,480],\n\t\t\tgridwidth:960,\n\t\t\tgridheight:440,\n\t\t\tlazyType:\"none\",\n\t\t\tshadow:0,\n\t\t\tspinner:\"spinner0\",\n\t\t\tstopLoop:\"off\",\n\t\t\tstopAfterLoops:-1,\n\t\t\tstopAtSlide:-1,\n\t\t\tshuffle:\"off\",\n\t\t\tautoHeight:\"off\",\n\t\t\tdisableProgressBar:\"on\",\n\t\t\thideThumbsOnMobile:\"off\",\n\t\t\thideSliderAtLimit:0,\n\t\t\thideCaptionAtLimit:0,\n\t\t\thideAllCaptionAtLilmit:0,\n\t\t\tdebugMode:false,\n\t\t\tfallbacks: {\n\t\t\t\tsimplifyAll:\"off\",\n\t\t\t\tnextSlideOnWindowFocus:\"off\",\n\t\t\t\tdisableFocusListener:false,\n\t\t\t}\n\t\t});\n\t}\n\t\n});\t\/*ready*\/\n<\/script>\n\t\t<script>\n\t\t\t\t\tvar htmlDivCss = unescape(\".hesperiden.tparrows%20%7B%0A%09cursor%3Apointer%3B%0A%09background%3Argba%280%2C0%2C0%2C0.5%29%3B%0A%09width%3A40px%3B%0A%09height%3A40px%3B%0A%09position%3Aabsolute%3B%0A%09display%3Ablock%3B%0A%09z-index%3A100%3B%0A%20%20%20%20border-radius%3A%2050%25%3B%0A%7D%0A.hesperiden.tparrows%3Ahover%20%7B%0A%09background%3Argba%280%2C%200%2C%200%2C%201%29%3B%0A%7D%0A.hesperiden.tparrows%3Abefore%20%7B%0A%09font-family%3A%20%22revicons%22%3B%0A%09font-size%3A20px%3B%0A%09color%3Argb%28255%2C%20255%2C%20255%29%3B%0A%09display%3Ablock%3B%0A%09line-height%3A%2040px%3B%0A%09text-align%3A%20center%3B%0A%7D%0A.hesperiden.tparrows.tp-leftarrow%3Abefore%20%7B%0A%09content%3A%20%22%5Ce82c%22%3B%0A%20%20%20%20margin-left%3A-3px%3B%0A%7D%0A.hesperiden.tparrows.tp-rightarrow%3Abefore%20%7B%0A%09content%3A%20%22%5Ce82d%22%3B%0A%20%20%20%20margin-right%3A-3px%3B%0A%7D%0A\");\n\t\t\t\t\tvar htmlDiv = document.getElementById('rs-plugin-settings-inline-css');\n\t\t\t\t\tif(htmlDiv) {\n\t\t\t\t\t\thtmlDiv.innerHTML = htmlDiv.innerHTML + htmlDivCss;\n\t\t\t\t\t}\n\t\t\t\t\telse{\n\t\t\t\t\t\tvar htmlDiv = document.createElement('div');\n\t\t\t\t\t\thtmlDiv.innerHTML = '<style>' + htmlDivCss + '<\/style>';\n\t\t\t\t\t\tdocument.getElementsByTagName('head')[0].appendChild(htmlDiv.childNodes[0]);\n\t\t\t\t\t}\n\t\t\t\t  <\/script>\n\t\t\t\t<\/div><!-- END REVOLUTION SLIDER --><\/div>\n<div class=\"su-row container facilities\" style=\"text-align: center;\">\n<div class=\"row\">\n\n                  <div class=\"col-md-12\">\n\n                 La richiesta informazioni \u00e8 stata inviata! <strong>Ricever\u00e0 una risposta al pi\u00f9 presto.<\/strong><\/p>\n<p style=\"text-align: center;\">The requested information has been sent! <strong>You will receive an answer as soon as possible.<\/strong>\n\t            \n\t           <!-- END .col -->\n\t           <\/div> \n\t            \n\t           <!-- END .row -->\n\t           <\/div>\n<\/div>\n","protected":false},"excerpt":{"rendered":"RESIDENZA ALMA May your holiday be filled with everything that you deserve! RESIDENZA ALMA May your holiday be filled with everything that you deserve! RESIDENZA ALMA May your holiday be filled with everything that you deserve! var htmlDiv = document.getElementById(\"rs-plugin-settings-inline-css\"); var htmlDivCss=\"\"; if(htmlDiv) { htmlDiv.innerHTML = htmlDiv.innerHTML + htmlDivCss; }else{ var htmlDiv = document.createElement(\"div\"); htmlDiv.innerHTML [...]","protected":false},"author":4,"featured_media":0,"parent":0,"menu_order":0,"comment_status":"closed","ping_status":"closed","template":"template-home.php","meta":[],"yoast_head":"<!-- This site is optimized with the Yoast SEO plugin v15.1.1 - https:\/\/yoast.com\/wordpress\/plugins\/seo\/ -->\n<meta name=\"robots\" content=\"index, follow, max-snippet:-1, max-image-preview:large, max-video-preview:-1\" \/>\n<link rel=\"canonical\" href=\"https:\/\/www.residenzalma.com\/en\/risposta-contatto\/\" \/>\n<meta property=\"og:locale\" content=\"en_US\" \/>\n<meta property=\"og:type\" content=\"article\" \/>\n<meta property=\"og:title\" content=\"Risposta contatto | Appartamenti Residenza Alma Riccione\" \/>\n<meta property=\"og:url\" content=\"https:\/\/www.residenzalma.com\/en\/risposta-contatto\/\" \/>\n<meta property=\"og:site_name\" content=\"Residenzalma\" \/>\n<meta property=\"article:publisher\" content=\"https:\/\/www.facebook.com\/residenzalmariccione\" \/>\n<meta property=\"article:modified_time\" content=\"2015-11-26T16:40:07+00:00\" \/>\n<meta name=\"twitter:card\" content=\"summary_large_image\" \/>\n<script type=\"application\/ld+json\" class=\"yoast-schema-graph\">{\"@context\":\"https:\/\/schema.org\",\"@graph\":[{\"@type\":\"Organization\",\"@id\":\"https:\/\/www.residenzalma.com\/en\/#organization\",\"name\":\"residenza alma di della chiara maurizio\",\"url\":\"https:\/\/www.residenzalma.com\/en\/\",\"sameAs\":[\"https:\/\/www.facebook.com\/residenzalmariccione\"],\"logo\":{\"@type\":\"ImageObject\",\"@id\":\"https:\/\/www.residenzalma.com\/en\/#logo\",\"inLanguage\":\"en-US\",\"url\":\"https:\/\/www.residenzalma.com\/wp-content\/uploads\/2020\/05\/Residenza-1.gif\",\"width\":1800,\"height\":1260,\"caption\":\"residenza alma di della chiara maurizio\"},\"image\":{\"@id\":\"https:\/\/www.residenzalma.com\/en\/#logo\"}},{\"@type\":\"WebSite\",\"@id\":\"https:\/\/www.residenzalma.com\/en\/#website\",\"url\":\"https:\/\/www.residenzalma.com\/en\/\",\"name\":\"Residenza Alma Riccione\",\"description\":\"Residenza Alma: Appartamenti e Case Vacanze a Riccione centro\",\"publisher\":{\"@id\":\"https:\/\/www.residenzalma.com\/en\/#organization\"},\"potentialAction\":[{\"@type\":\"SearchAction\",\"target\":\"https:\/\/www.residenzalma.com\/en\/?s={search_term_string}\",\"query-input\":\"required name=search_term_string\"}],\"inLanguage\":\"en-US\"},{\"@type\":\"WebPage\",\"@id\":\"https:\/\/www.residenzalma.com\/en\/risposta-contatto\/#webpage\",\"url\":\"https:\/\/www.residenzalma.com\/en\/risposta-contatto\/\",\"name\":\"Risposta contatto | Appartamenti Residenza Alma Riccione\",\"isPartOf\":{\"@id\":\"https:\/\/www.residenzalma.com\/en\/#website\"},\"datePublished\":\"2015-11-26T16:39:53+00:00\",\"dateModified\":\"2015-11-26T16:40:07+00:00\",\"inLanguage\":\"en-US\",\"potentialAction\":[{\"@type\":\"ReadAction\",\"target\":[\"https:\/\/www.residenzalma.com\/en\/risposta-contatto\/\"]}]}]}<\/script>\n<!-- \/ Yoast SEO plugin. -->","_links":{"self":[{"href":"https:\/\/www.residenzalma.com\/en\/wp-json\/wp\/v2\/pages\/461"}],"collection":[{"href":"https:\/\/www.residenzalma.com\/en\/wp-json\/wp\/v2\/pages"}],"about":[{"href":"https:\/\/www.residenzalma.com\/en\/wp-json\/wp\/v2\/types\/page"}],"author":[{"embeddable":true,"href":"https:\/\/www.residenzalma.com\/en\/wp-json\/wp\/v2\/users\/4"}],"replies":[{"embeddable":true,"href":"https:\/\/www.residenzalma.com\/en\/wp-json\/wp\/v2\/comments?post=461"}],"version-history":[{"count":0,"href":"https:\/\/www.residenzalma.com\/en\/wp-json\/wp\/v2\/pages\/461\/revisions"}],"wp:attachment":[{"href":"https:\/\/www.residenzalma.com\/en\/wp-json\/wp\/v2\/media?parent=461"}],"curies":[{"name":"wp","href":"https:\/\/api.w.org\/{rel}","templated":true}]}}